{"id":11419,"date":"2025-07-22T15:25:16","date_gmt":"2025-07-22T20:25:16","guid":{"rendered":"https:\/\/tricolorsk8.com\/wp\/malinchedistdos\/?post_type=product&#038;p=11419"},"modified":"2026-05-06T00:40:06","modified_gmt":"2026-05-06T05:40:06","slug":"tricolor-3clr-metal-verde-neon-molde-clasico","status":"publish","type":"product","link":"https:\/\/tricolorsk8.com\/wp\/malinchedistdos\/producto\/tricolor-3clr-metal-verde-neon-molde-clasico\/","title":{"rendered":"Tricolor 3CLR Metal Verde ne\u00f3n Molde Cl\u00e1sico"},"content":{"rendered":"<p>Molde Cl\u00e1sico. Corte Hybrid y Popsicle. Tecnolog\u00eda RFLP &#8211; Cold Press &#8211; Controlled Wood Forest Certification.<\/p>\n","protected":false},"excerpt":{"rendered":"<p><span style=\"color: #ff0000;\"><strong>\r\n\t<a class=\"paoc-popup-click paoc-popup-cust-7812 paoc-popup-simple_link paoc-popup-link\" href=\"javascript:void(0);\">CONOCE NUESTROS SHAPES AQUI.<\/a>\r\n\r\n<\/strong><\/span><\/p>\n<p>Selecciona tu\u00a0 Shape favorito y luego la medida.<\/p>\n","protected":false},"featured_media":11431,"template":"","meta":{"_et_pb_use_builder":"","_et_pb_old_content":"","_et_gb_content_width":"","_exactmetrics_skip_tracking":false,"_exactmetrics_sitenote_active":false,"_exactmetrics_sitenote_note":"","_exactmetrics_sitenote_category":0,"_monsterinsights_skip_tracking":false,"_monsterinsights_sitenote_active":false,"_monsterinsights_sitenote_note":"","_monsterinsights_sitenote_category":0},"product_brand":[237],"product_cat":[28],"product_tag":[],"class_list":{"0":"post-11419","1":"product","2":"type-product","3":"status-publish","4":"has-post-thumbnail","6":"product_brand-tricolor-skates","7":"product_cat-tablas","8":"pa_shape-corte-hybrid-shape","9":"pa_shape-corte-popsicle","10":"pa_tamano-7-5-x-31-75","11":"pa_tamano-8-125x31-75","12":"pa_tamano-8-125x32","13":"pa_tamano-8-25-x-31-75","14":"pa_tamano-8-25x32-25","15":"pa_tamano-8-5x31-75","16":"pa_tamano-8-5x32-5","17":"pa_tamano-8-7x31-75","18":"pa_tamano-8-75x32-25","19":"pa_tamano-8x31-7","20":"pa_tamano-8x31-75","22":"first","23":"instock","24":"shipping-taxable","25":"purchasable","26":"product-type-variable"},"_links":{"self":[{"href":"https:\/\/tricolorsk8.com\/wp\/malinchedistdos\/wp-json\/wp\/v2\/product\/11419","targetHints":{"allow":["GET"]}}],"collection":[{"href":"https:\/\/tricolorsk8.com\/wp\/malinchedistdos\/wp-json\/wp\/v2\/product"}],"about":[{"href":"https:\/\/tricolorsk8.com\/wp\/malinchedistdos\/wp-json\/wp\/v2\/types\/product"}],"wp:featuredmedia":[{"embeddable":true,"href":"https:\/\/tricolorsk8.com\/wp\/malinchedistdos\/wp-json\/wp\/v2\/media\/11431"}],"wp:attachment":[{"href":"https:\/\/tricolorsk8.com\/wp\/malinchedistdos\/wp-json\/wp\/v2\/media?parent=11419"}],"wp:term":[{"taxonomy":"product_brand","embeddable":true,"href":"https:\/\/tricolorsk8.com\/wp\/malinchedistdos\/wp-json\/wp\/v2\/product_brand?post=11419"},{"taxonomy":"product_cat","embeddable":true,"href":"https:\/\/tricolorsk8.com\/wp\/malinchedistdos\/wp-json\/wp\/v2\/product_cat?post=11419"},{"taxonomy":"product_tag","embeddable":true,"href":"https:\/\/tricolorsk8.com\/wp\/malinchedistdos\/wp-json\/wp\/v2\/product_tag?post=11419"}],"curies":[{"name":"wp","href":"https:\/\/api.w.org\/{rel}","templated":true}]}}